{"id":11285,"date":"2021-12-23T05:40:25","date_gmt":"2021-12-23T05:40:25","guid":{"rendered":"https:\/\/assi.ee\/?post_type=product&#038;p=11285"},"modified":"2022-03-04T13:32:11","modified_gmt":"2022-03-04T13:32:11","slug":"vahgunkaru-e","status":"publish","type":"product","link":"https:\/\/assi.ee\/en\/product\/vahgunkaru-e\/","title":{"rendered":"Vagunk\u00e4ru E"},"content":{"rendered":"","protected":false},"excerpt":{"rendered":"<p>Vagunk\u00e4ru kauba transpordiks. Valmistatud kvaliteetsest roostevabast terasest AISI304<br \/>\n\u2022 k\u00e4ru m\u00f5\u00f5t 890x510x887 mm<br \/>\n\u2022 raam kokku keevitatud 25&#215;25 mm nelikanttorust<br \/>\n\u2022 raami nurkades p\u00f5rkekaitsed<br \/>\n\u2022 kolm tasapinda, valmistatud 1,0 mm paksusest materjalist<br \/>\n\u2022 \u00fchel k\u00fcljel paarisuksed, suletavad \u00fclariiviga<br \/>\n\u2022 \u00fclemisel tasapinnal lisaks 100 mm k\u00f5rgusega piirded<br \/>\n\u2022 k\u00e4ru on varustatud veoaasa ja haakekonksuga (v\u00f5imalik \u00fchendada rongiks)<br \/>\n\u2022 rattad D=160 mm<\/p>\n","protected":false},"featured_media":9739,"comment_status":"open","ping_status":"closed","template":"","meta":{"_acf_changed":false,"inline_featured_image":false},"product_brand":[],"product_cat":[180],"product_tag":[],"class_list":{"0":"post-11285","1":"product","2":"type-product","3":"status-publish","4":"has-post-thumbnail","6":"product_cat-karud-2","8":"first","9":"instock","10":"shipping-taxable","11":"purchasable","12":"product-type-simple"},"acf":[],"_links":{"self":[{"href":"https:\/\/assi.ee\/en\/wp-json\/wp\/v2\/product\/11285","targetHints":{"allow":["GET"]}}],"collection":[{"href":"https:\/\/assi.ee\/en\/wp-json\/wp\/v2\/product"}],"about":[{"href":"https:\/\/assi.ee\/en\/wp-json\/wp\/v2\/types\/product"}],"replies":[{"embeddable":true,"href":"https:\/\/assi.ee\/en\/wp-json\/wp\/v2\/comments?post=11285"}],"version-history":[{"count":2,"href":"https:\/\/assi.ee\/en\/wp-json\/wp\/v2\/product\/11285\/revisions"}],"predecessor-version":[{"id":12256,"href":"https:\/\/assi.ee\/en\/wp-json\/wp\/v2\/product\/11285\/revisions\/12256"}],"wp:featuredmedia":[{"embeddable":true,"href":"https:\/\/assi.ee\/en\/wp-json\/wp\/v2\/media\/9739"}],"wp:attachment":[{"href":"https:\/\/assi.ee\/en\/wp-json\/wp\/v2\/media?parent=11285"}],"wp:term":[{"taxonomy":"product_brand","embeddable":true,"href":"https:\/\/assi.ee\/en\/wp-json\/wp\/v2\/product_brand?post=11285"},{"taxonomy":"product_cat","embeddable":true,"href":"https:\/\/assi.ee\/en\/wp-json\/wp\/v2\/product_cat?post=11285"},{"taxonomy":"product_tag","embeddable":true,"href":"https:\/\/assi.ee\/en\/wp-json\/wp\/v2\/product_tag?post=11285"}],"curies":[{"name":"wp","href":"https:\/\/api.w.org\/{rel}","templated":true}]}}