{"id":11028,"date":"2021-12-06T06:50:45","date_gmt":"2021-12-06T06:50:45","guid":{"rendered":"https:\/\/assi.ee\/?post_type=product&#038;p=11028"},"modified":"2022-02-07T07:53:00","modified_gmt":"2022-02-07T07:53:00","slug":"noude-tagastuskaru-pv1130","status":"publish","type":"product","link":"https:\/\/assi.ee\/en\/product\/noude-tagastuskaru-pv1130\/","title":{"rendered":"N\u00f5ude tagastusk\u00e4ru PV1130"},"content":{"rendered":"","protected":false},"excerpt":{"rendered":"<p>N\u00f5ude tagastusk\u00e4ru on valmistatud kvaliteetsest roostevabast terasest AISI304<br \/>\n\u2022 k\u00e4ru m\u00f5\u00f5t 1100x550x1200 mm, \u00fclatasapinna m\u00f5\u00f5t 1100&#215;310 mm<br \/>\n\u2022 raam kokku keevitatud 25&#215;25 mm nelikanttorust<br \/>\n\u2022 2 + 1 tasapinnaga<br \/>\n\u2022 tasapindade all m\u00fcra summutavad matid<br \/>\n\u2022 soovi korral v\u00f5imalik juurde tellida v\u00e4ljat\u00f5mmatav abitasapind (ei ole j\u00e4relpaigaldatav)<br \/>\n\u2022 rattad D=125 mm, kaks ratast piduriga<br \/>\n\u2022 k\u00f5ik neli ratast varustatud p\u00f5rkekaitsmetega<\/p>\n","protected":false},"featured_media":9287,"comment_status":"open","ping_status":"closed","template":"","meta":{"_acf_changed":false,"inline_featured_image":false},"product_brand":[],"product_cat":[162],"product_tag":[],"class_list":{"0":"post-11028","1":"product","2":"type-product","3":"status-publish","4":"has-post-thumbnail","6":"product_cat-noude-tagastuskarud","8":"first","9":"instock","10":"shipping-taxable","11":"purchasable","12":"product-type-simple"},"acf":[],"_links":{"self":[{"href":"https:\/\/assi.ee\/en\/wp-json\/wp\/v2\/product\/11028","targetHints":{"allow":["GET"]}}],"collection":[{"href":"https:\/\/assi.ee\/en\/wp-json\/wp\/v2\/product"}],"about":[{"href":"https:\/\/assi.ee\/en\/wp-json\/wp\/v2\/types\/product"}],"replies":[{"embeddable":true,"href":"https:\/\/assi.ee\/en\/wp-json\/wp\/v2\/comments?post=11028"}],"version-history":[{"count":1,"href":"https:\/\/assi.ee\/en\/wp-json\/wp\/v2\/product\/11028\/revisions"}],"predecessor-version":[{"id":11029,"href":"https:\/\/assi.ee\/en\/wp-json\/wp\/v2\/product\/11028\/revisions\/11029"}],"wp:featuredmedia":[{"embeddable":true,"href":"https:\/\/assi.ee\/en\/wp-json\/wp\/v2\/media\/9287"}],"wp:attachment":[{"href":"https:\/\/assi.ee\/en\/wp-json\/wp\/v2\/media?parent=11028"}],"wp:term":[{"taxonomy":"product_brand","embeddable":true,"href":"https:\/\/assi.ee\/en\/wp-json\/wp\/v2\/product_brand?post=11028"},{"taxonomy":"product_cat","embeddable":true,"href":"https:\/\/assi.ee\/en\/wp-json\/wp\/v2\/product_cat?post=11028"},{"taxonomy":"product_tag","embeddable":true,"href":"https:\/\/assi.ee\/en\/wp-json\/wp\/v2\/product_tag?post=11028"}],"curies":[{"name":"wp","href":"https:\/\/api.w.org\/{rel}","templated":true}]}}